{"id":3819,"date":"2015-08-05T13:53:19","date_gmt":"2015-08-05T13:53:19","guid":{"rendered":"http:\/\/www.karting-arena.com\/en\/kontakt\/"},"modified":"2023-05-10T12:46:49","modified_gmt":"2023-05-10T12:46:49","slug":"contact","status":"publish","type":"page","link":"https:\/\/www.karting-arena.com\/en\/contact\/","title":{"rendered":"Contact"},"content":{"rendered":"<p>[one_second]<\/p>\n<p>[contact-form-7 id=&#8221;3866&#8243; title=&#8221;Contact form 1&#8243;]<\/p>\n<p>[\/one_second]<\/p>\n<p>[one_second]<\/p>\n<ul>\n<li><strong>Puni naziv:<\/strong> SPORTKART d.o.o. za iznajmljivanje vozila i motocikala<\/li>\n<li><strong>Sjedi\u0161te:<\/strong>\u00a0Avenija Dubrovnik 15\/33, 10 000 Zagreb<\/li>\n<li><strong>Registracijski broj<\/strong>: 04078888<\/li>\n<li><strong>Porezni broj:<\/strong> 20156458678<\/li>\n<li><strong>Pravni oblik:<\/strong> Dru\u0161tvo sa ograni\u010denom odgovorno\u0161\u0107u<\/li>\n<li><strong>Zastupnici:<\/strong> Mitja \u0160afar<\/li>\n<li><strong>Djelatnost :<\/strong> Iznajmljivanje i davanje u zakup (leasing) automobila i motornih vozila lake kategorije<\/li>\n<li><strong>\u017diro ra\u010dun:<\/strong> Zagreba\u010dka Banka 2360000-1102396979<\/li>\n<li><strong>SWIFT:<\/strong> ZABAHR2X<\/li>\n<li><strong>IBAN:<\/strong>HR62 2360 0001 1023 9697 9 (Zaba)<\/li>\n<li><strong>Registarski sud:<\/strong> Trgova\u010dki sud u Zagrebu, <strong>MBS:<\/strong> 080863079<\/li>\n<li><strong>Temeljni kapital:<\/strong>\u00a0upla\u0107en u cijelosti, 20.000,00 kn<\/li>\n<\/ul>\n<p>[\/one_second]<\/p>\n","protected":false},"excerpt":{"rendered":"<p>[one_second] [contact-form-7 id=&#8221;3866&#8243; title=&#8221;Contact form 1&#8243;] [\/one_second] [one_second] Puni naziv: SPORTKART d.o.o. za iznajmljivanje vozila i motocikala Sjedi\u0161te:\u00a0Avenija Dubrovnik 15\/33, [&hellip;]<\/p>\n","protected":false},"author":6,"featured_media":0,"parent":0,"menu_order":0,"comment_status":"open","ping_status":"open","template":"","meta":{"om_disable_all_campaigns":false,"_monsterinsights_skip_tracking":false,"_monsterinsights_sitenote_active":false,"_monsterinsights_sitenote_note":"","_monsterinsights_sitenote_category":0,"site-sidebar-layout":"no-sidebar","site-content-layout":"plain-container","ast-site-content-layout":"default","site-content-style":"default","site-sidebar-style":"default","ast-global-header-display":"","ast-banner-title-visibility":"","ast-main-header-display":"","ast-hfb-above-header-display":"","ast-hfb-below-header-display":"","ast-hfb-mobile-header-display":"","site-post-title":"disabled","ast-breadcrumbs-content":"","ast-featured-img":"disabled","footer-sml-layout":"","theme-transparent-header-meta":"","adv-header-id-meta":"","stick-header-meta":"","header-above-stick-meta":"","header-main-stick-meta":"","header-below-stick-meta":"","astra-migrate-meta-layouts":"default","ast-page-background-enabled":"default","ast-page-background-meta":{"desktop":{"background-color":"var(--ast-global-color-4)","background-image":"","background-repeat":"repeat","background-position":"center center","background-size":"auto","background-attachment":"scroll","background-type":"","background-media":"","overlay-type":"","overlay-color":"","overlay-opacity":"","overlay-gradient":""},"tablet":{"background-color":"","background-image":"","background-repeat":"repeat","background-position":"center center","background-size":"auto","background-attachment":"scroll","background-type":"","background-media":"","overlay-type":"","overlay-color":"","overlay-opacity":"","overlay-gradient":""},"mobile":{"background-color":"","background-image":"","background-repeat":"repeat","background-position":"center center","background-size":"auto","background-attachment":"scroll","background-type":"","background-media":"","overlay-type":"","overlay-color":"","overlay-opacity":"","overlay-gradient":""}},"ast-content-background-meta":{"desktop":{"background-color":"var(--ast-global-color-5)","background-image":"","background-repeat":"repeat","background-position":"center center","background-size":"auto","background-attachment":"scroll","background-type":"","background-media":"","overlay-type":"","overlay-color":"","overlay-opacity":"","overlay-gradient":""},"tablet":{"background-color":"var(--ast-global-color-5)","background-image":"","background-repeat":"repeat","background-position":"center center","background-size":"auto","background-attachment":"scroll","background-type":"","background-media":"","overlay-type":"","overlay-color":"","overlay-opacity":"","overlay-gradient":""},"mobile":{"background-color":"var(--ast-global-color-5)","background-image":"","background-repeat":"repeat","background-position":"center center","background-size":"auto","background-attachment":"scroll","background-type":"","background-media":"","overlay-type":"","overlay-color":"","overlay-opacity":"","overlay-gradient":""}},"footnotes":""},"class_list":["post-3819","page","type-page","status-publish","hentry"],"yoast_head":"<!-- This site is optimized with the Yoast SEO Premium plugin v23.0 (Yoast SEO v26.1.1) - https:\/\/yoast.com\/wordpress\/plugins\/seo\/ -->\n<title>Contact - Go-kart Arena Zagreb<\/title>\n<meta name=\"description\" content=\"Karting arena, Avenija Dubrovnik 15\/33, 10 000 Zagreb. Tel:+385 1 7787534 Email: info@karting-arena.com\" \/>\n<meta name=\"robots\" content=\"index, follow, max-snippet:-1, max-image-preview:large, max-video-preview:-1\" \/>\n<link rel=\"canonical\" href=\"https:\/\/www.karting-arena.com\/en\/contact\/\" \/>\n<meta property=\"og:locale\" content=\"en_US\" \/>\n<meta property=\"og:type\" content=\"article\" \/>\n<meta property=\"og:title\" content=\"Contact\" \/>\n<meta property=\"og:description\" content=\"Karting arena, Avenija Dubrovnik 15\/33, 10 000 Zagreb. Tel:+385 1 7787534 Email: info@karting-arena.com\" \/>\n<meta property=\"og:url\" content=\"https:\/\/www.karting-arena.com\/en\/contact\/\" \/>\n<meta property=\"og:site_name\" content=\"Karting Arena Zagreb\" \/>\n<meta property=\"article:modified_time\" content=\"2023-05-10T12:46:49+00:00\" \/>\n<meta property=\"og:image\" content=\"https:\/\/www.karting-arena.com\/wp-content\/uploads\/2024\/09\/cropped-KAZ_logo_negativ-2-e1726323609128.png\" \/>\n\t<meta property=\"og:image:width\" content=\"512\" \/>\n\t<meta property=\"og:image:height\" content=\"289\" \/>\n\t<meta property=\"og:image:type\" content=\"image\/png\" \/>\n<meta name=\"twitter:card\" content=\"summary_large_image\" \/>\n<script type=\"application\/ld+json\" class=\"yoast-schema-graph\">{\"@context\":\"https:\/\/schema.org\",\"@graph\":[{\"@type\":\"WebPage\",\"@id\":\"https:\/\/www.karting-arena.com\/en\/contact\/\",\"url\":\"https:\/\/www.karting-arena.com\/en\/contact\/\",\"name\":\"Contact - Go-kart Arena Zagreb\",\"isPartOf\":{\"@id\":\"https:\/\/www.karting-arena.com\/en\/#website\"},\"datePublished\":\"2015-08-05T13:53:19+00:00\",\"dateModified\":\"2023-05-10T12:46:49+00:00\",\"description\":\"Karting arena, Avenija Dubrovnik 15\/33, 10 000 Zagreb. Tel:+385 1 7787534 Email: info@karting-arena.com\",\"breadcrumb\":{\"@id\":\"https:\/\/www.karting-arena.com\/en\/contact\/#breadcrumb\"},\"inLanguage\":\"en-US\",\"potentialAction\":[{\"@type\":\"ReadAction\",\"target\":[\"https:\/\/www.karting-arena.com\/en\/contact\/\"]}]},{\"@type\":\"BreadcrumbList\",\"@id\":\"https:\/\/www.karting-arena.com\/en\/contact\/#breadcrumb\",\"itemListElement\":[{\"@type\":\"ListItem\",\"position\":1,\"name\":\"Po\u010detna stranica\",\"item\":\"https:\/\/www.karting-arena.com\/en\/\"},{\"@type\":\"ListItem\",\"position\":2,\"name\":\"Contact\"}]},{\"@type\":\"WebSite\",\"@id\":\"https:\/\/www.karting-arena.com\/en\/#website\",\"url\":\"https:\/\/www.karting-arena.com\/en\/\",\"name\":\"Karting Arena Zagreb\",\"description\":\"Najbolja karting staza u Hrvatskoj\",\"publisher\":{\"@id\":\"https:\/\/www.karting-arena.com\/en\/#organization\"},\"potentialAction\":[{\"@type\":\"SearchAction\",\"target\":{\"@type\":\"EntryPoint\",\"urlTemplate\":\"https:\/\/www.karting-arena.com\/en\/?s={search_term_string}\"},\"query-input\":{\"@type\":\"PropertyValueSpecification\",\"valueRequired\":true,\"valueName\":\"search_term_string\"}}],\"inLanguage\":\"en-US\"},{\"@type\":\"Organization\",\"@id\":\"https:\/\/www.karting-arena.com\/en\/#organization\",\"name\":\"Karting Arena Zagreb\",\"url\":\"https:\/\/www.karting-arena.com\/en\/\",\"logo\":{\"@type\":\"ImageObject\",\"inLanguage\":\"en-US\",\"@id\":\"https:\/\/www.karting-arena.com\/en\/#\/schema\/logo\/image\/\",\"url\":\"https:\/\/www.karting-arena.com\/wp-content\/uploads\/2017\/03\/logoKAZ_neg.png\",\"contentUrl\":\"https:\/\/www.karting-arena.com\/wp-content\/uploads\/2017\/03\/logoKAZ_neg.png\",\"width\":202,\"height\":116,\"caption\":\"Karting Arena Zagreb\"},\"image\":{\"@id\":\"https:\/\/www.karting-arena.com\/en\/#\/schema\/logo\/image\/\"}}]}<\/script>\n<!-- \/ Yoast SEO Premium plugin. -->","yoast_head_json":{"title":"Contact - Go-kart Arena Zagreb","description":"Karting arena, Avenija Dubrovnik 15\/33, 10 000 Zagreb. Tel:+385 1 7787534 Email: info@karting-arena.com","robots":{"index":"index","follow":"follow","max-snippet":"max-snippet:-1","max-image-preview":"max-image-preview:large","max-video-preview":"max-video-preview:-1"},"canonical":"https:\/\/www.karting-arena.com\/en\/contact\/","og_locale":"en_US","og_type":"article","og_title":"Contact","og_description":"Karting arena, Avenija Dubrovnik 15\/33, 10 000 Zagreb. Tel:+385 1 7787534 Email: info@karting-arena.com","og_url":"https:\/\/www.karting-arena.com\/en\/contact\/","og_site_name":"Karting Arena Zagreb","article_modified_time":"2023-05-10T12:46:49+00:00","og_image":[{"width":512,"height":289,"url":"https:\/\/www.karting-arena.com\/wp-content\/uploads\/2024\/09\/cropped-KAZ_logo_negativ-2-e1726323609128.png","type":"image\/png"}],"twitter_card":"summary_large_image","schema":{"@context":"https:\/\/schema.org","@graph":[{"@type":"WebPage","@id":"https:\/\/www.karting-arena.com\/en\/contact\/","url":"https:\/\/www.karting-arena.com\/en\/contact\/","name":"Contact - Go-kart Arena Zagreb","isPartOf":{"@id":"https:\/\/www.karting-arena.com\/en\/#website"},"datePublished":"2015-08-05T13:53:19+00:00","dateModified":"2023-05-10T12:46:49+00:00","description":"Karting arena, Avenija Dubrovnik 15\/33, 10 000 Zagreb. Tel:+385 1 7787534 Email: info@karting-arena.com","breadcrumb":{"@id":"https:\/\/www.karting-arena.com\/en\/contact\/#breadcrumb"},"inLanguage":"en-US","potentialAction":[{"@type":"ReadAction","target":["https:\/\/www.karting-arena.com\/en\/contact\/"]}]},{"@type":"BreadcrumbList","@id":"https:\/\/www.karting-arena.com\/en\/contact\/#breadcrumb","itemListElement":[{"@type":"ListItem","position":1,"name":"Po\u010detna stranica","item":"https:\/\/www.karting-arena.com\/en\/"},{"@type":"ListItem","position":2,"name":"Contact"}]},{"@type":"WebSite","@id":"https:\/\/www.karting-arena.com\/en\/#website","url":"https:\/\/www.karting-arena.com\/en\/","name":"Karting Arena Zagreb","description":"Najbolja karting staza u Hrvatskoj","publisher":{"@id":"https:\/\/www.karting-arena.com\/en\/#organization"},"potentialAction":[{"@type":"SearchAction","target":{"@type":"EntryPoint","urlTemplate":"https:\/\/www.karting-arena.com\/en\/?s={search_term_string}"},"query-input":{"@type":"PropertyValueSpecification","valueRequired":true,"valueName":"search_term_string"}}],"inLanguage":"en-US"},{"@type":"Organization","@id":"https:\/\/www.karting-arena.com\/en\/#organization","name":"Karting Arena Zagreb","url":"https:\/\/www.karting-arena.com\/en\/","logo":{"@type":"ImageObject","inLanguage":"en-US","@id":"https:\/\/www.karting-arena.com\/en\/#\/schema\/logo\/image\/","url":"https:\/\/www.karting-arena.com\/wp-content\/uploads\/2017\/03\/logoKAZ_neg.png","contentUrl":"https:\/\/www.karting-arena.com\/wp-content\/uploads\/2017\/03\/logoKAZ_neg.png","width":202,"height":116,"caption":"Karting Arena Zagreb"},"image":{"@id":"https:\/\/www.karting-arena.com\/en\/#\/schema\/logo\/image\/"}}]}},"_links":{"self":[{"href":"https:\/\/www.karting-arena.com\/en\/wp-json\/wp\/v2\/pages\/3819","targetHints":{"allow":["GET"]}}],"collection":[{"href":"https:\/\/www.karting-arena.com\/en\/wp-json\/wp\/v2\/pages"}],"about":[{"href":"https:\/\/www.karting-arena.com\/en\/wp-json\/wp\/v2\/types\/page"}],"author":[{"embeddable":true,"href":"https:\/\/www.karting-arena.com\/en\/wp-json\/wp\/v2\/users\/6"}],"replies":[{"embeddable":true,"href":"https:\/\/www.karting-arena.com\/en\/wp-json\/wp\/v2\/comments?post=3819"}],"version-history":[{"count":1,"href":"https:\/\/www.karting-arena.com\/en\/wp-json\/wp\/v2\/pages\/3819\/revisions"}],"predecessor-version":[{"id":25350,"href":"https:\/\/www.karting-arena.com\/en\/wp-json\/wp\/v2\/pages\/3819\/revisions\/25350"}],"wp:attachment":[{"href":"https:\/\/www.karting-arena.com\/en\/wp-json\/wp\/v2\/media?parent=3819"}],"curies":[{"name":"wp","href":"https:\/\/api.w.org\/{rel}","templated":true}]}}